{"id":25,"date":"2021-02-22T17:47:32","date_gmt":"2021-02-22T20:47:32","guid":{"rendered":"http:\/\/sagaonline.com.br\/?page_id=25"},"modified":"2021-02-22T18:15:23","modified_gmt":"2021-02-22T21:15:23","slug":"inscricao","status":"publish","type":"page","link":"http:\/\/sagaonline.com.br\/index.php\/inscricao\/","title":{"rendered":"Inscri\u00e7\u00e3o"},"content":{"rendered":"<p>[et_pb_section fb_built=&#8221;1&#8243; _builder_version=&#8221;4.5.1&#8243; _module_preset=&#8221;default&#8221; background_image=&#8221;http:\/\/sagaonline.com.br\/wp-content\/uploads\/2021\/02\/capa01.jpeg&#8221; hover_enabled=&#8221;0&#8243; background_blend=&#8221;soft-light&#8221; null=&#8221;#2b87da&#8221; background_color=&#8221;#99090e&#8221;][et_pb_row _builder_version=&#8221;4.5.1&#8243; _module_preset=&#8221;default&#8221; custom_padding=&#8221;||127px|||&#8221; hover_enabled=&#8221;0&#8243;][et_pb_column type=&#8221;4_4&#8243; _builder_version=&#8221;4.5.1&#8243; _module_preset=&#8221;default&#8221; hover_enabled=&#8221;0&#8243; background_color=&#8221;#ffffff&#8221; border_radii=&#8221;on|17px|17px|17px|17px&#8221; custom_padding=&#8221;60px|60px|60px|60px|false|false&#8221;][et_pb_text _builder_version=&#8221;4.5.1&#8243; _module_preset=&#8221;default&#8221; text_text_color=&#8221;#99090e&#8221; text_font_size=&#8221;23px&#8221; text_line_height=&#8221;1.8em&#8221; hover_enabled=&#8221;0&#8243;]<\/p>\n<p>Fa\u00e7a sua inscri\u00e7\u00e3o para conhecer nossa plataforma de transmiss\u00e3o de eventos online e organiza\u00e7\u00e3o presencial.<\/p>\n<p>[\/et_pb_text][et_pb_code _builder_version=&#8221;4.5.1&#8243; _module_preset=&#8221;default&#8221; hover_enabled=&#8221;0&#8243; custom_margin=&#8221;33px|||||&#8221;]<!--noptimize--><link href=\"https:\/\/fonts.googleapis.com\/icon?family=Material+Icons\" rel=\"stylesheet\">\r\n<div class=\"rmagic rm_theme_matchmytheme rm_layout_label_left\"><style>.rmagic #form_2_1 .buttonarea input[type=\"button\"]:hover{ background-color:#99090e !important;}<\/style><div class=\"rmcontent\"><style type=\"text\/css\">label span.required { color: #B94A48; }span.help-inline, span.help-block { color: #888; font-size: .9em; font-style: italic; }<\/style><form novalidate onsubmit=\"return gotonext_form_2_1()\" autocomplete=\"off\"  action id=\"form_2_1\" method=\"post\" class=\"rmagic-form rmagic-form-btn-center form-horizontal\" name=\"rm_form\" number=\"1\" style><fieldset><input type=\"hidden\" name=\"rm_form_sub_id\" value=form_2_1><input type=\"hidden\" name=\"rm_form_sub_no\" value=1><input type=\"hidden\" name=\"rm_cond_hidden_fields\" id=\"rm_cond_hidden_fields\" value=\"\"><div class=\"rmheader\"><p>Preencha os campos abaixo para ser registrar.<\/p><\/div><div id=\"rm_stat_container\" style=\"display:none\"><div class=\"rmrow\"><div class=\"rmfield\" for=\"form_2_1-element-2\" style=\"\"><label>RM_Stats<\/label><\/div><div class=\"rminput\"><input type=\"text\" name=\"stat_id\" value=\"__uninit\" style=\"display:none\" id=\"form_2_1-element-2\"\/><\/div><\/div><\/div><div class=\"rm_form_page rmformpage_form_2_1\" id=\"rm_form_page_form_2_1_1\"><fieldset class='rmfieldset'><div class=\"rmrow\"><div class=\"rmfield\" for=\"form_2_1-element-6\" style=\"\"><label>Nome<\/label><\/div><div class=\"rminput\"><input type=\"text\" name=\"Fname_8\" value=\"\" id=\"form_2_1-element-6\"\/><\/div><\/div><div class=\"rmrow\"><div class=\"rmfield\" for=\"form_2_1-element-7\" style=\"\"><label>Sobrenome<\/label><\/div><div class=\"rminput\"><input type=\"text\" name=\"Lname_9\" value=\"\" id=\"form_2_1-element-7\"\/><\/div><\/div> <div class=\"rmrow rm-full-width\"><hr class=\"rm_divider\" width=\"100%\" size=\"8\" align=\"center\"><\/div><div class=\"rmrow\"><div class=\"rmfield\" for=\"form_2_1-element-9\" style=\"\"><label>E-mail<sup class=\"required\">&nbsp;*<\/sup><\/label><\/div><div class=\"rminput\"><input type=\"email\" name=\"Email_5\" required value=\"\" id=\"form_2_1-element-9\"\/><\/div><\/div><div class=\"rmrow\"><div class=\"rmfield\" for=\"form_2_1-element-10\" style=\"\"><label>Usu\u00e1rio<sup class=\"required\">&nbsp;*<\/sup><\/label><\/div><div class=\"rminput\"><input type=\"text\" name=\"username\" required value=\"\" id=\"form_2_1-element-10\"\/><\/div><\/div><div class=\"rmrow\"><div class=\"rmfield\" for=\"rm_reg_form_pw_2_1\" style=\"\"><label>Senha<sup class=\"required\">&nbsp;*<\/sup><\/label><\/div><div class=\"rminput\"><input type=\"password\" name=\"pwd\" required value=\"\" id=\"rm_reg_form_pw_2_1\" style labelstyle minlength=\"7\"\/><\/div><div class=\"rmnote\"><div class=\"rmprenote\"><\/div><div class=\"rmnotecontent\">A senha deve ter no m\u00ednimo 7 caracteres<\/div><\/div><\/div> <div class=\"rmrow rm-full-width\"><hr class=\"rm_divider\" width=\"100%\" size=\"8\" align=\"center\"><\/div><div class=\"rmrow\"><div class=\"rmfield\" for=\"rm_mobile_13_2_1\" style=\"\"><label>Telefone<\/label><\/div><div class=\"rminput\"><input type=\"text\" name=\"Textbox_13\" value=\"\" id=\"rm_mobile_13_2_1\" data-error-message=\"Confira se o n\u00famero est\u00e1 correto\" data-mobile-intel-field=\"1\"\/><\/div><\/div><div class=\"rmrow\"><div class=\"rmfield\" for=\"form_2_1-element-14\" style=\"\"><label>Site<\/label><\/div><div class=\"rminput\"><input type=\"url\" name=\"Website_10\" value=\"\" pattern=\"((?:https?\\:\\\/\\\/|[wW][wW][wW]\\.)(?:[-a-zA-Z0-9]+\\.)*[-a-zA-Z0-9]+.*)\" id=\"form_2_1-element-14\"\/><\/div><\/div><\/fieldset><\/div><div class=\"buttonarea\"><input   type=\"submit\" value=\"Criar conta\" name=\"rm_sb_btn\" style=\"color: rgb(255, 255, 255); background-color: rgb(153, 9, 14); border-radius: 7px;\" id=\"rm_next_form_page_button_2_1\" class=\"rm_next_btn rm-btn rm-btn-primary\"\/> <input   type=\"submit\" value=\"Criar conta\" name=\"rm_sb_btn\" style=\"color: rgb(255, 255, 255); background-color: rgb(153, 9, 14); border-radius: 7px;\" class=\"rm_noscript_btn rm-btn rm-btn-primary\" id=\"form_2_1-element-18\"\/><\/div>                \r\n   <pre class='rm-pre-wrapper-for-script-tags'><script>\r\n                \r\nif (typeof window['rm_multipage'] == 'undefined') {\r\n\r\n    rm_multipage = {\r\n        global_page_no_form_2_1: 1\r\n    };\r\n\r\n}\r\nelse\r\n rm_multipage.global_page_no_form_2_1 = 1;\r\n\r\nfunction gotonext_form_2_1(){\r\n\t\r\n        maxpage = 1 ;\r\n        var form_object= jQuery(\"#rm_form_page_form_2_1_\"+rm_multipage.global_page_no_form_2_1).closest(\"form\");\r\n                jQuery.validator.setDefaults({errorClass: 'rm-form-field-invalid-msg',\r\n                                        ignore:':hidden,.ignore',wrapper:'div',\r\n                                       errorPlacement: function(error, element) {\r\n                                                            \/\/error.appendTo(element.closest('.rminput'));\r\n                                                            error.appendTo(element.closest('div'));\r\n                                                          },\r\n                                      rules: {        \r\n        password: {\r\n            required: true,\r\n            minlength: 7\r\n        },\r\n        password_confirmation: {\r\n            required: true,\r\n            equalTo: \"#rm_reg_form_pw_2_1\"\r\n        }\r\n            },\r\n        messages: {\r\n        password_confirmation: {\r\n            equalTo: \"Your passwords do not match. Please check again.\"\r\n        }\r\n            }\r\n                                    });\r\n        if(form_object.find('.rm_privacy_cb').is(':visible') && !form_object.find('.rm_privacy_cb').prop('checked')){\r\n             form_object.find('.rm_privacy_cb').trigger('change');\r\n             return false;\r\n        }\r\n        if(jQuery(\"#rm_form_page_form_2_1_\"+rm_multipage.global_page_no_form_2_1+\" :input\").length > 0)\r\n        {\r\n            var elements_to_validate= jQuery(\"#rm_form_page_form_2_1_\"+rm_multipage.global_page_no_form_2_1+\" :input\");\r\n            var valid = elements_to_validate.valid();\r\n            elements_to_validate.each(function(){\r\n            var if_mobile= jQuery(this).attr('data-mobile-intel-field');\r\n                if(if_mobile){\r\n                    var tel_error= rm_toggle_tel_error(jQuery(this).intlTelInput('isValidNumber'),jQuery(this),jQuery(this).data('error-message'));\r\n                    if(tel_error){\r\n                        valid= false;\r\n                    }\r\n                    else\r\n                    {\r\n                        jQuery(this).val(jQuery(this).intlTelInput('getNumber'));\r\n                    }\r\n                }\r\n            });\r\n                \r\n            if(!valid)\r\n            {\r\n                setTimeout(function(){ jQuery(\"#rm_next_form_page_button_2_1\").removeProp('disabled');}, 1000);\r\n                var error_element= jQuery(document).find(\"input.rm-form-field-invalid-msg\")[0];\r\n                if(error_element){\r\n                    error_element.focus();\r\n                }\r\n                return false;\r\n            }\r\n        }\r\n        \r\n        \/* Server validation for Username and Email field *\/\r\n        for(var i=0;i<rm_validation_attr.length;i++){\r\n            var validation_flag= true;\r\n            jQuery(\"[\" + rm_validation_attr[i] + \"=0]\").each(function(){\r\n               validation_flag= false;\r\n               return false;\r\n            });\r\n            \r\n            if(!validation_flag)\r\n              return;\r\n        }\r\n        \r\n        \r\n        rm_multipage.global_page_no_form_2_1++;\r\n        \r\n        \/*skip blank form pages*\/\r\n        while(jQuery(\"#rm_form_page_form_2_1_\"+rm_multipage.global_page_no_form_2_1+\" :input\").length == 0)\r\n        {\r\n        \r\n            if(maxpage <= rm_multipage.global_page_no_form_2_1)\r\n            {\r\n                    if(jQuery(\"#rm_form_page_form_2_1_\"+rm_multipage.global_page_no_form_2_1+\" :input\").length == 0){\r\n                        jQuery(\"#rm_next_form_page_button_2_1\").prop('type','submit');\r\n                        jQuery(\"#rm_prev_form_page_button_2_1\").prop('disabled',true);\r\n                        return;\r\n                    }        \r\n                    else\r\n                        break;\r\n            }\r\n        \r\n            rm_multipage.global_page_no_form_2_1++;\r\n        }\r\n            \r\n\t\r\n\tif(maxpage < rm_multipage.global_page_no_form_2_1)\r\n\t{\r\n\t\trm_multipage.global_page_no_form_2_1 = maxpage;\r\n\t\tjQuery(\"#rm_next_form_page_button_2_1\").prop('type','submit');\r\n                jQuery(\"#rm_prev_form_page_button_2_1\").prop('disabled',true);\r\n\t\treturn;\r\n\t}\r\n\tjQuery(\".rmformpage_form_2_1\").each(function (){\r\n\t\tvar visibledivid = \"rm_form_page_form_2_1_\"+rm_multipage.global_page_no_form_2_1;\r\n\t\tif(jQuery(this).attr('id') == visibledivid)\r\n\t\t\tjQuery(this).show();\r\n\t\telse\r\n\t\t\tjQuery(this).hide();\r\n\t});\r\n        jQuery('html, body').animate({\r\n            scrollTop: (jQuery('.rmformpage_form_2_1').first().offset().top)\r\n        },500);\r\n        jQuery(\"#rm_prev_form_page_button_2_1\").prop('disabled',false);\r\n        rmInitGoogleApi();\r\n}\r\nfunction gotoprev_form_2_1(){\r\n\t\r\n\tmaxpage = 1 ;\r\n        var form_object= jQuery(\"#rm_form_page_form_2_1_\"+rm_multipage.global_page_no_form_2_1).closest(\"form\");\r\n\trm_multipage.global_page_no_form_2_1--;\r\n        jQuery(\"#rm_next_form_page_button_2_1\").attr('type','button');        \r\n        if(form_object.find('.rm_privacy_cb').is(':visible') && !form_object.find('.rm_privacy_cb').prop('checked')){\r\n             form_object.find('.rm_privacy_cb').trigger('change');\r\n             return false;\r\n        } \r\n        \/*skip blank form pages*\/\r\n        while(jQuery(\"#rm_form_page_form_2_1_\"+rm_multipage.global_page_no_form_2_1+\" :input\").length == 0)\r\n        {\r\n            if(1 >= rm_multipage.global_page_no_form_2_1)\r\n            {\r\n                    if(jQuery(\"#rm_form_page_form_2_1_\"+rm_multipage.global_page_no_form_2_1+\" :input\").length == 0){\r\n                        rm_multipage.global_page_no_form_2_1 = 1;\r\n                        jQuery(\"#rm_prev_form_page_button_2_1\").prop('disabled',true);\r\n                        return;\r\n                    }        \r\n                    else\r\n                        break;\r\n            }\r\n        \r\n            rm_multipage.global_page_no_form_2_1--;\r\n        }\r\n        \r\n\tjQuery(\".rmformpage_form_2_1\").each(function (){\r\n\t\tvar visibledivid = \"rm_form_page_form_2_1_\"+rm_multipage.global_page_no_form_2_1;\r\n\t\tif(jQuery(this).attr('id') == visibledivid)\r\n\t\t\tjQuery(this).show();\r\n\t\telse\r\n\t\t\tjQuery(this).hide();\r\n\t});\r\n        \r\n        if(rm_multipage.global_page_no_form_2_1 <= 1)\r\n        {\r\n            rm_multipage.global_page_no_form_2_1 = 1;\r\n            jQuery(\"#rm_prev_form_page_button_2_1\").prop('disabled',true);\r\n        }\r\n        jQuery('html, body').animate({\r\n            scrollTop: (jQuery('.rmformpage_form_2_1').first().offset().top)\r\n        },500);\r\n}         \r\n<\/script><\/pre><\/fieldset><\/form><pre class=\"rm-pre-wrapper-for-script-tags\"><script type=\"text\/javascript\">jQuery(document).ready(function() {\t\tjQuery(\"#form_2_1\").bind(\"submit\", function(){\r\n                        \/\/jQuery(this).find(\"input[name=rm_slug]\").attr(\"value\",jQuery(this).find(\"input[name=submit]\").attr(\"value\"));\r\n\t\t\tjQuery(this).find(\"input[type=submit]\").attr(\"disabled\", \"disabled\"); \r\n\t\t});            \r\n                   \r\n                   jQuery(\"#form_2_1-element-9\").change(function(){\r\n                   var data = {\r\n                           'action': 'rm_user_exists',\r\n                           'rm_slug': 'rm_user_exists',\r\n                           'email': jQuery(this).val(),\r\n                           'attr': 'data-rm-valid-email',\r\n                           'form_id':\"2\"\r\n                   };\r\n                   \r\n                   rm_user_exists(this,rm_ajax_url,data);\r\n                  \r\n                 });\r\n                       \r\n                   \r\n                   jQuery(\"#form_2_1-element-10\").change(function(){\r\n                   var data = {\r\n                           'action': 'rm_user_exists',\r\n                           'rm_slug': 'rm_user_exists',\r\n                           'username': jQuery(this).val(),\r\n                           'attr': 'data-rm-valid-username',\r\n                           'form_id':\"2\"\r\n                   };\r\n                   \r\n                   rm_user_exists(this,rm_ajax_url,data,\"This user is already registered. Please try with different username or login.\");\r\n                  \r\n                 });\r\n           }); <\/script><\/pre>        <noscript>\r\n            <div class=\"rm-js-disabled\"><b>Note: It looks like JavaScript is disabled in your browser. Some elements of this form may require JavaScript to work properly. If you have trouble submitting the form, try enabling JavaScript momentarily and resubmit. JavaScript settings are usually found in Browser Settings or Browser Developer menu.<\/b><\/div>\r\n            <style>\r\n                .rm_next_btn {display:none !important}\r\n                .rm_noscript_btn {display: block !important}\r\n            <\/style>\r\n        <\/noscript>\r\n    <\/div><\/div><!--\/noptimize-->[\/et_pb_code][\/et_pb_column][\/et_pb_row][\/et_pb_section]<\/p>\n","protected":false},"excerpt":{"rendered":"<p>[et_pb_section fb_built=&#8221;1&#8243; _builder_version=&#8221;4.5.1&#8243; _module_preset=&#8221;default&#8221; background_image=&#8221;http:\/\/sagaonline.com.br\/wp-content\/uploads\/2021\/02\/capa01.jpeg&#8221; hover_enabled=&#8221;0&#8243; background_blend=&#8221;soft-light&#8221; null=&#8221;#2b87da&#8221; background_color=&#8221;#99090e&#8221;][et_pb_row _builder_version=&#8221;4.5.1&#8243; _module_preset=&#8221;default&#8221; custom_padding=&#8221;||127px|||&#8221; hover_enabled=&#8221;0&#8243;][et_pb_column type=&#8221;4_4&#8243; _builder_version=&#8221;4.5.1&#8243; _module_preset=&#8221;default&#8221; hover_enabled=&#8221;0&#8243; background_color=&#8221;#ffffff&#8221; border_radii=&#8221;on|17px|17px|17px|17px&#8221; custom_padding=&#8221;60px|60px|60px|60px|false|false&#8221;][et_pb_text _builder_version=&#8221;4.5.1&#8243; _module_preset=&#8221;default&#8221; text_text_color=&#8221;#99090e&#8221; text_font_size=&#8221;23px&#8221; text_line_height=&#8221;1.8em&#8221; hover_enabled=&#8221;0&#8243;] Fa\u00e7a sua inscri\u00e7\u00e3o para conhecer nossa plataforma de transmiss\u00e3o de eventos online e organiza\u00e7\u00e3o presencial. [\/et_pb_text][et_pb_code _builder_version=&#8221;4.5.1&#8243; _module_preset=&#8221;default&#8221; hover_enabled=&#8221;0&#8243; custom_margin=&#8221;33px|||||&#8221;][\/et_pb_code][\/et_pb_column][\/et_pb_row][\/et_pb_section]<\/p>\n","protected":false},"author":1,"featured_media":0,"parent":0,"menu_order":0,"comment_status":"closed","ping_status":"closed","template":"","meta":{"_et_pb_use_builder":"on","_et_pb_old_content":"","_et_gb_content_width":""},"_links":{"self":[{"href":"http:\/\/sagaonline.com.br\/index.php\/wp-json\/wp\/v2\/pages\/25"}],"collection":[{"href":"http:\/\/sagaonline.com.br\/index.php\/wp-json\/wp\/v2\/pages"}],"about":[{"href":"http:\/\/sagaonline.com.br\/index.php\/wp-json\/wp\/v2\/types\/page"}],"author":[{"embeddable":true,"href":"http:\/\/sagaonline.com.br\/index.php\/wp-json\/wp\/v2\/users\/1"}],"replies":[{"embeddable":true,"href":"http:\/\/sagaonline.com.br\/index.php\/wp-json\/wp\/v2\/comments?post=25"}],"version-history":[{"count":3,"href":"http:\/\/sagaonline.com.br\/index.php\/wp-json\/wp\/v2\/pages\/25\/revisions"}],"predecessor-version":[{"id":34,"href":"http:\/\/sagaonline.com.br\/index.php\/wp-json\/wp\/v2\/pages\/25\/revisions\/34"}],"wp:attachment":[{"href":"http:\/\/sagaonline.com.br\/index.php\/wp-json\/wp\/v2\/media?parent=25"}],"curies":[{"name":"wp","href":"https:\/\/api.w.org\/{rel}","templated":true}]}}